{"id":650,"date":"2023-09-14T14:16:41","date_gmt":"2023-09-14T12:16:41","guid":{"rendered":"http:\/\/avipconcerts.com\/sklep\/unkategorisiert\/der-koenig-des-swing\/"},"modified":"2024-01-24T12:59:52","modified_gmt":"2024-01-24T11:59:52","slug":"der-koenig-des-swing","status":"publish","type":"product","link":"https:\/\/avipconcerts.com\/de\/sklep\/cd-dvd-de\/der-koenig-des-swing\/","title":{"rendered":"Der K\u00f6nig des Swing"},"content":{"rendered":"<p>In diesem weltweit einzigartigen Projekt pr\u00e4sentieren Maestro Woytek Mrozek &amp; The 1st New York Orchestra die sch\u00f6nsten Kompositionen der legend\u00e4ren Swing-Orchester: Benny Goodman Orchestra, Glenn Miller Orchestra, Frank Sinatra, Arite Shaw, The Andrews Sisters. Maestro Mrozeks Enthusiasmus und seine unausl\u00f6schliche Liebe zur Swing-Musik fangen die aufregende, nostalgische und einzigartige Atmosph\u00e4re der Musik aus der ersten H\u00e4lfte des letzten Jahrhunderts ein und verwandeln die B\u00fchne in eine Wiege der Musik der fr\u00fchen 30er und 50er Jahre. &#8222;The King Of Swing&#8220; ist eine Show, die sich Jazz- und Swing-Fans sowie unverbesserliche Musikromantiker nicht entgehen lassen sollten, die sich in das Jahr 1938 zur\u00fcckversetzen lassen wollen, als das legend\u00e4re Konzert des Benny Goodman Orchestra in der Carnegie Hall in New York stattfand. Die renommierten Auff\u00fchrungen der K\u00fcnstler zeichnen sich durch den brillanten und pr\u00e4zisen Klang des Orchesters und das unverwechselbare Timbre der Klarinette aus, das alle Teile miteinander verbindet. Die Energie, der Perfektionismus und die Authentizit\u00e4t der K\u00fcnstler brachten den Programmen von Woytek Mrozek den wertvollsten Preis ein: Bewunderung und stehende Ovationen.<\/p>\n<p>Maestro Mrozek, der zu den f\u00fchrenden Ikonen der Swing-Musik geh\u00f6rt, l\u00e4dt ein und m\u00f6chte seine Zuh\u00f6rer auf eine einzigartige Reise voller W\u00e4rme, Virtuosit\u00e4t und sch\u00f6ner Musikfarben in die &#8222;Welt der Swing-Musik&#8220; mitnehmen, die zugleich eine internationale Tournee durch Finnland, Schweden, Norwegen, Deutschland, die Niederlande, D\u00e4nemark, England, die Schweiz, die USA, China und Japan ist. 6.04.2024 The King Of Swing wird von den Berliner Philharmonikern veranstaltet.<\/p>\n","protected":false},"excerpt":{"rendered":"<p>In diesem weltweit einzigartigen Projekt werden Maestro Woytek Mrozek &amp; The 1st New York Orchestra die sch\u00f6nsten Kompositionen legend\u00e4rer Swing-Orchester pr\u00e4sentieren.<\/p>\n","protected":false},"featured_media":562,"template":"","meta":[],"product_cat":[40],"product_tag":[],"class_list":{"0":"post-650","1":"product","2":"type-product","3":"status-publish","4":"has-post-thumbnail","6":"product_cat-cd-dvd-de","8":"first","9":"instock","10":"shipping-taxable","11":"purchasable","12":"product-type-simple"},"_links":{"self":[{"href":"https:\/\/avipconcerts.com\/de\/wp-json\/wp\/v2\/product\/650","targetHints":{"allow":["GET"]}}],"collection":[{"href":"https:\/\/avipconcerts.com\/de\/wp-json\/wp\/v2\/product"}],"about":[{"href":"https:\/\/avipconcerts.com\/de\/wp-json\/wp\/v2\/types\/product"}],"wp:featuredmedia":[{"embeddable":true,"href":"https:\/\/avipconcerts.com\/de\/wp-json\/wp\/v2\/media\/562"}],"wp:attachment":[{"href":"https:\/\/avipconcerts.com\/de\/wp-json\/wp\/v2\/media?parent=650"}],"wp:term":[{"taxonomy":"product_cat","embeddable":true,"href":"https:\/\/avipconcerts.com\/de\/wp-json\/wp\/v2\/product_cat?post=650"},{"taxonomy":"product_tag","embeddable":true,"href":"https:\/\/avipconcerts.com\/de\/wp-json\/wp\/v2\/product_tag?post=650"}],"curies":[{"name":"wp","href":"https:\/\/api.w.org\/{rel}","templated":true}]}}