{"id":544,"date":"2023-09-14T11:02:28","date_gmt":"2023-09-14T09:02:28","guid":{"rendered":"http:\/\/avipconcerts.com\/my-account\/"},"modified":"2024-01-24T11:24:20","modified_gmt":"2024-01-24T10:24:20","slug":"my-account","status":"publish","type":"page","link":"https:\/\/avipconcerts.com\/en\/my-account\/","title":{"rendered":"My Account"},"content":{"rendered":"\t\t<div data-elementor-type=\"wp-page\" data-elementor-id=\"544\" class=\"elementor elementor-544 elementor-13\" data-elementor-post-type=\"page\">\n\t\t\t\t<div class=\"elementor-element elementor-element-695232d e-flex e-con-boxed e-con e-parent\" data-id=\"695232d\" data-element_type=\"container\">\n\t\t\t\t\t<div class=\"e-con-inner\">\n\t\t<div class=\"elementor-element elementor-element-b304d39 e-flex e-con-boxed e-con e-child\" data-id=\"b304d39\" data-element_type=\"container\">\n\t\t\t\t\t<div class=\"e-con-inner\">\n\t\t\t\t<div class=\"elementor-element elementor-element-e45a3f6 elementor-widget elementor-widget-heading\" data-id=\"e45a3f6\" data-element_type=\"widget\" data-widget_type=\"heading.default\">\n\t\t\t\t<div class=\"elementor-widget-container\">\n\t\t\t<h1 class=\"elementor-heading-title elementor-size-default\">My Account<\/h1>\t\t<\/div>\n\t\t\t\t<\/div>\n\t\t\t\t<div class=\"elementor-element elementor-element-bd57c3e e-my-account-tabs-vertical elementor-widget elementor-widget-woocommerce-my-account\" data-id=\"bd57c3e\" data-element_type=\"widget\" data-widget_type=\"woocommerce-my-account.default\">\n\t\t\t\t<div class=\"elementor-widget-container\">\n\t\t\t<div class=\"e-my-account-tab e-my-account-tab__ \">\t\t\t<div class=\"woocommerce\"><\/div>\t\t<\/div>\n\t\t\t\t<\/div>\n\t\t\t\t<\/div>\n\t\t\t\t\t<\/div>\n\t\t\t\t<\/div>\n\t\t\t\t\t<\/div>\n\t\t\t\t<\/div>\n\t\t<div class=\"elementor-element elementor-element-d1b8d91 e-flex e-con-boxed e-con e-parent\" data-id=\"d1b8d91\" data-element_type=\"container\">\n\t\t\t\t\t<div class=\"e-con-inner\">\n\t\t<div class=\"elementor-element elementor-element-8ff0dbc e-flex e-con-boxed e-con e-child\" data-id=\"8ff0dbc\" data-element_type=\"container\" data-settings=\"{&quot;background_background&quot;:&quot;classic&quot;}\">\n\t\t\t\t\t<div class=\"e-con-inner\">\n\t\t\t\t<div class=\"elementor-element elementor-element-62dc427 elementor-widget elementor-widget-heading\" data-id=\"62dc427\" data-element_type=\"widget\" data-widget_type=\"heading.default\">\n\t\t\t\t<div class=\"elementor-widget-container\">\n\t\t\t<h2 class=\"elementor-heading-title elementor-size-default\">Zobacz bIlety i koncerty<\/h2>\t\t<\/div>\n\t\t\t\t<\/div>\n\t\t\t\t<div class=\"elementor-element elementor-element-de602e6 elementor-widget elementor-widget-button\" data-id=\"de602e6\" data-element_type=\"widget\" data-widget_type=\"button.default\">\n\t\t\t\t<div class=\"elementor-widget-container\">\n\t\t\t\t\t\t\t<div class=\"elementor-button-wrapper\">\n\t\t\t\t\t<a class=\"elementor-button elementor-button-link elementor-size-sm\" href=\"http:\/\/avipconcerts.com\/biletykoncerty\/\">\n\t\t\t\t\t\t<span class=\"elementor-button-content-wrapper\">\n\t\t\t\t\t\t\t\t\t<span class=\"elementor-button-text\">Wszystkie bilety i koncerty<\/span>\n\t\t\t\t\t<\/span>\n\t\t\t\t\t<\/a>\n\t\t\t\t<\/div>\n\t\t\t\t\t\t<\/div>\n\t\t\t\t<\/div>\n\t\t\t\t\t<\/div>\n\t\t\t\t<\/div>\n\t\t\t\t<div class=\"elementor-element elementor-element-daf2c4c elementor-invisible elementor-widget elementor-widget-jet-listing-grid\" data-id=\"daf2c4c\" data-element_type=\"widget\" data-settings=\"{&quot;columns&quot;:&quot;4&quot;,&quot;columns_tablet&quot;:&quot;3&quot;,&quot;columns_mobile&quot;:&quot;2&quot;,&quot;_animation&quot;:&quot;fadeIn&quot;}\" data-widget_type=\"jet-listing-grid.default\">\n\t\t\t\t<div class=\"elementor-widget-container\">\n\t\t\t<div class=\"jet-listing-grid jet-listing\"><div class=\"jet-listing-grid__slider\" data-slider_options=\"{&quot;autoplaySpeed&quot;:5000,&quot;autoplay&quot;:true,&quot;pauseOnHover&quot;:true,&quot;infinite&quot;:true,&quot;centerMode&quot;:false,&quot;speed&quot;:500,&quot;arrows&quot;:true,&quot;dots&quot;:false,&quot;slidesToScroll&quot;:1,&quot;prevArrow&quot;:&quot;&lt;div class='jet-listing-grid__slider-icon prev-arrow ' role='button' aria-label='Previous'&gt;&lt;svg width='180' height='180' viewBox='0 0 180 180' fill='none' xmlns='http:\\\/\\\/www.w3.org\\\/2000\\\/svg'&gt;&lt;path d='M119 47.3166C119 48.185 118.668 48.9532 118.003 49.6212L78.8385 89L118.003 128.379C118.668 129.047 119 129.815 119 130.683C119 131.552 118.668 132.32 118.003 132.988L113.021 137.998C112.356 138.666 111.592 139 110.729 139C109.865 139 109.101 138.666 108.436 137.998L61.9966 91.3046C61.3322 90.6366 61 89.8684 61 89C61 88.1316 61.3322 87.3634 61.9966 86.6954L108.436 40.002C109.101 39.334 109.865 39 110.729 39C111.592 39 112.356 39.334 113.021 40.002L118.003 45.012C118.668 45.68 119 46.4482 119 47.3166Z' fill='black'\\\/&gt;&lt;\\\/svg&gt;&lt;\\\/div&gt;&quot;,&quot;nextArrow&quot;:&quot;&lt;div class='jet-listing-grid__slider-icon next-arrow ' role='button' aria-label='Next'&gt;&lt;svg width='180' height='180' viewBox='0 0 180 180' fill='none' xmlns='http:\\\/\\\/www.w3.org\\\/2000\\\/svg'&gt;&lt;path d='M119 47.3166C119 48.185 118.668 48.9532 118.003 49.6212L78.8385 89L118.003 128.379C118.668 129.047 119 129.815 119 130.683C119 131.552 118.668 132.32 118.003 132.988L113.021 137.998C112.356 138.666 111.592 139 110.729 139C109.865 139 109.101 138.666 108.436 137.998L61.9966 91.3046C61.3322 90.6366 61 89.8684 61 89C61 88.1316 61.3322 87.3634 61.9966 86.6954L108.436 40.002C109.101 39.334 109.865 39 110.729 39C111.592 39 112.356 39.334 113.021 40.002L118.003 45.012C118.668 45.68 119 46.4482 119 47.3166Z' fill='black'\\\/&gt;&lt;\\\/svg&gt;&lt;\\\/div&gt;&quot;,&quot;rtl&quot;:false,&quot;itemsCount&quot;:3,&quot;fade&quot;:false,&quot;slidesToShow&quot;:{&quot;desktop&quot;:4,&quot;tablet&quot;:3,&quot;mobile&quot;:2}}\" dir=\"ltr\"><div class=\"jet-listing-grid__items grid-col-desk-4 grid-col-tablet-3 grid-col-mobile-2 jet-listing-grid--87 jet-equal-columns__wrapper\" data-queried-id=\"544|WP_Post\" data-nav=\"{&quot;enabled&quot;:false,&quot;type&quot;:null,&quot;more_el&quot;:null,&quot;query&quot;:[],&quot;widget_settings&quot;:{&quot;lisitng_id&quot;:87,&quot;posts_num&quot;:12,&quot;columns&quot;:4,&quot;columns_tablet&quot;:3,&quot;columns_mobile&quot;:2,&quot;is_archive_template&quot;:&quot;&quot;,&quot;post_status&quot;:[&quot;publish&quot;],&quot;use_random_posts_num&quot;:&quot;&quot;,&quot;max_posts_num&quot;:9,&quot;not_found_message&quot;:&quot;No data was found&quot;,&quot;is_masonry&quot;:false,&quot;equal_columns_height&quot;:&quot;yes&quot;,&quot;use_load_more&quot;:&quot;&quot;,&quot;load_more_id&quot;:&quot;&quot;,&quot;load_more_type&quot;:&quot;click&quot;,&quot;load_more_offset&quot;:{&quot;unit&quot;:&quot;px&quot;,&quot;size&quot;:0,&quot;sizes&quot;:[]},&quot;use_custom_post_types&quot;:&quot;&quot;,&quot;custom_post_types&quot;:[],&quot;hide_widget_if&quot;:&quot;&quot;,&quot;carousel_enabled&quot;:&quot;yes&quot;,&quot;slides_to_scroll&quot;:&quot;1&quot;,&quot;arrows&quot;:&quot;true&quot;,&quot;arrow_icon&quot;:&quot;fa fa-angle-left&quot;,&quot;dots&quot;:&quot;&quot;,&quot;autoplay&quot;:&quot;true&quot;,&quot;pause_on_hover&quot;:&quot;true&quot;,&quot;autoplay_speed&quot;:5000,&quot;infinite&quot;:&quot;true&quot;,&quot;center_mode&quot;:&quot;&quot;,&quot;effect&quot;:&quot;slide&quot;,&quot;speed&quot;:500,&quot;inject_alternative_items&quot;:&quot;&quot;,&quot;injection_items&quot;:[],&quot;scroll_slider_enabled&quot;:&quot;&quot;,&quot;scroll_slider_on&quot;:[&quot;desktop&quot;,&quot;tablet&quot;,&quot;mobile&quot;],&quot;custom_query&quot;:false,&quot;custom_query_id&quot;:&quot;&quot;,&quot;_element_id&quot;:&quot;&quot;}}\" data-page=\"1\" data-pages=\"1\" data-listing-source=\"posts\" data-listing-id=\"87\" data-query-id=\"\"><div class=\"jet-listing-grid__item jet-listing-dynamic-post-685 jet-equal-columns\" data-post-id=\"685\" ><div class=\"jet-engine-listing-overlay-wrap\" data-url=\"https:\/\/avipconcerts.com\/en\/biletykoncerty\/johann-strauss-gala\/\">\t\t<div data-elementor-type=\"jet-listing-items\" data-elementor-id=\"700\" class=\"elementor elementor-700 elementor-87\" data-elementor-post-type=\"jet-engine\">\n\t\t\t\t<div class=\"elementor-element elementor-element-7ef85b1 e-flex e-con-boxed e-con e-parent\" data-id=\"7ef85b1\" data-element_type=\"container\">\n\t\t\t\t\t<div class=\"e-con-inner\">\n\t\t\t\t<div class=\"elementor-element elementor-element-12a1dec elementor-widget__width-inherit elementor-widget elementor-widget-image\" data-id=\"12a1dec\" data-element_type=\"widget\" data-widget_type=\"image.default\">\n\t\t\t\t<div class=\"elementor-widget-container\">\n\t\t\t\t\t\t\t\t\t\t\t\t\t<img fetchpriority=\"high\" decoding=\"async\" width=\"800\" height=\"800\" src=\"https:\/\/avipconcerts.com\/wp-content\/uploads\/2023\/09\/johann_strauss_gala_kwadrat-1024x1024.jpg\" class=\"elementor-animation-float attachment-large size-large wp-image-611\" alt=\"\" srcset=\"https:\/\/avipconcerts.com\/wp-content\/uploads\/2023\/09\/johann_strauss_gala_kwadrat-1024x1024.jpg 1024w, https:\/\/avipconcerts.com\/wp-content\/uploads\/2023\/09\/johann_strauss_gala_kwadrat-300x300.jpg 300w, https:\/\/avipconcerts.com\/wp-content\/uploads\/2023\/09\/johann_strauss_gala_kwadrat-150x150.jpg 150w, https:\/\/avipconcerts.com\/wp-content\/uploads\/2023\/09\/johann_strauss_gala_kwadrat-768x768.jpg 768w, https:\/\/avipconcerts.com\/wp-content\/uploads\/2023\/09\/johann_strauss_gala_kwadrat-1536x1536.jpg 1536w, https:\/\/avipconcerts.com\/wp-content\/uploads\/2023\/09\/johann_strauss_gala_kwadrat-2048x2048.jpg 2048w, https:\/\/avipconcerts.com\/wp-content\/uploads\/2023\/09\/johann_strauss_gala_kwadrat-600x600.jpg 600w, https:\/\/avipconcerts.com\/wp-content\/uploads\/2023\/09\/johann_strauss_gala_kwadrat-100x100.jpg 100w\" sizes=\"(max-width: 800px) 100vw, 800px\" \/>\t\t\t\t\t\t\t\t\t\t\t\t\t<\/div>\n\t\t\t\t<\/div>\n\t\t\t\t<div class=\"elementor-element elementor-element-8bc6f11 elementor-widget__width-inherit elementor-widget-tablet__width-inherit elementor-invisible elementor-widget elementor-widget-heading\" data-id=\"8bc6f11\" data-element_type=\"widget\" data-settings=\"{&quot;_animation&quot;:&quot;fadeInUp&quot;,&quot;_animation_delay&quot;:300}\" data-widget_type=\"heading.default\">\n\t\t\t\t<div class=\"elementor-widget-container\">\n\t\t\t<h2 class=\"elementor-heading-title elementor-size-default\">Johann Strauss Gala<\/h2>\t\t<\/div>\n\t\t\t\t<\/div>\n\t\t\t\t<div class=\"elementor-element elementor-element-75d0950 elementor-align-center elementor-mobile-align-center elementor-invisible elementor-widget elementor-widget-button\" data-id=\"75d0950\" data-element_type=\"widget\" data-settings=\"{&quot;_animation&quot;:&quot;fadeInUp&quot;,&quot;_animation_delay&quot;:300}\" data-widget_type=\"button.default\">\n\t\t\t\t<div class=\"elementor-widget-container\">\n\t\t\t\t\t\t\t<div class=\"elementor-button-wrapper\">\n\t\t\t\t\t<a class=\"elementor-button elementor-button-link elementor-size-sm\" href=\"https:\/\/avipconcerts.com\/en\/biletykoncerty\/johann-strauss-gala\/\">\n\t\t\t\t\t\t<span class=\"elementor-button-content-wrapper\">\n\t\t\t\t\t\t\t\t\t<span class=\"elementor-button-text\">Details<\/span>\n\t\t\t\t\t<\/span>\n\t\t\t\t\t<\/a>\n\t\t\t\t<\/div>\n\t\t\t\t\t\t<\/div>\n\t\t\t\t<\/div>\n\t\t\t\t\t<\/div>\n\t\t\t\t<\/div>\n\t\t\t\t<\/div>\n\t\t<a href=\"https:\/\/avipconcerts.com\/en\/biletykoncerty\/johann-strauss-gala\/\" class=\"jet-engine-listing-overlay-link\"><\/a><\/div><\/div><div class=\"jet-listing-grid__item jet-listing-dynamic-post-687 jet-equal-columns\" data-post-id=\"687\" ><div class=\"jet-engine-listing-overlay-wrap\" data-url=\"https:\/\/avipconcerts.com\/en\/biletykoncerty\/vienna-concert-with-the-stars\/\">\t\t<div data-elementor-type=\"jet-listing-items\" data-elementor-id=\"700\" class=\"elementor elementor-700 elementor-87\" data-elementor-post-type=\"jet-engine\">\n\t\t\t\t<div class=\"elementor-element elementor-element-7ef85b1 e-flex e-con-boxed e-con e-parent\" data-id=\"7ef85b1\" data-element_type=\"container\">\n\t\t\t\t\t<div class=\"e-con-inner\">\n\t\t\t\t<div class=\"elementor-element elementor-element-12a1dec elementor-widget__width-inherit elementor-widget elementor-widget-image\" data-id=\"12a1dec\" data-element_type=\"widget\" data-widget_type=\"image.default\">\n\t\t\t\t<div class=\"elementor-widget-container\">\n\t\t\t\t\t\t\t\t\t\t\t\t\t<img decoding=\"async\" width=\"800\" height=\"800\" src=\"https:\/\/avipconcerts.com\/wp-content\/uploads\/2023\/09\/koncert_wiedenski_z_gwiazdami_kwadrat1-1024x1024.jpg\" class=\"elementor-animation-float attachment-large size-large wp-image-607\" alt=\"\" srcset=\"https:\/\/avipconcerts.com\/wp-content\/uploads\/2023\/09\/koncert_wiedenski_z_gwiazdami_kwadrat1-1024x1024.jpg 1024w, https:\/\/avipconcerts.com\/wp-content\/uploads\/2023\/09\/koncert_wiedenski_z_gwiazdami_kwadrat1-300x300.jpg 300w, https:\/\/avipconcerts.com\/wp-content\/uploads\/2023\/09\/koncert_wiedenski_z_gwiazdami_kwadrat1-150x150.jpg 150w, https:\/\/avipconcerts.com\/wp-content\/uploads\/2023\/09\/koncert_wiedenski_z_gwiazdami_kwadrat1-768x768.jpg 768w, https:\/\/avipconcerts.com\/wp-content\/uploads\/2023\/09\/koncert_wiedenski_z_gwiazdami_kwadrat1-1536x1536.jpg 1536w, https:\/\/avipconcerts.com\/wp-content\/uploads\/2023\/09\/koncert_wiedenski_z_gwiazdami_kwadrat1-600x600.jpg 600w, https:\/\/avipconcerts.com\/wp-content\/uploads\/2023\/09\/koncert_wiedenski_z_gwiazdami_kwadrat1-100x100.jpg 100w, https:\/\/avipconcerts.com\/wp-content\/uploads\/2023\/09\/koncert_wiedenski_z_gwiazdami_kwadrat1.jpg 1920w\" sizes=\"(max-width: 800px) 100vw, 800px\" \/>\t\t\t\t\t\t\t\t\t\t\t\t\t<\/div>\n\t\t\t\t<\/div>\n\t\t\t\t<div class=\"elementor-element elementor-element-8bc6f11 elementor-widget__width-inherit elementor-widget-tablet__width-inherit elementor-invisible elementor-widget elementor-widget-heading\" data-id=\"8bc6f11\" data-element_type=\"widget\" data-settings=\"{&quot;_animation&quot;:&quot;fadeInUp&quot;,&quot;_animation_delay&quot;:300}\" data-widget_type=\"heading.default\">\n\t\t\t\t<div class=\"elementor-widget-container\">\n\t\t\t<h2 class=\"elementor-heading-title elementor-size-default\">Vienna Concert with the Stars<\/h2>\t\t<\/div>\n\t\t\t\t<\/div>\n\t\t\t\t<div class=\"elementor-element elementor-element-75d0950 elementor-align-center elementor-mobile-align-center elementor-invisible elementor-widget elementor-widget-button\" data-id=\"75d0950\" data-element_type=\"widget\" data-settings=\"{&quot;_animation&quot;:&quot;fadeInUp&quot;,&quot;_animation_delay&quot;:300}\" data-widget_type=\"button.default\">\n\t\t\t\t<div class=\"elementor-widget-container\">\n\t\t\t\t\t\t\t<div class=\"elementor-button-wrapper\">\n\t\t\t\t\t<a class=\"elementor-button elementor-button-link elementor-size-sm\" href=\"https:\/\/avipconcerts.com\/en\/biletykoncerty\/vienna-concert-with-the-stars\/\">\n\t\t\t\t\t\t<span class=\"elementor-button-content-wrapper\">\n\t\t\t\t\t\t\t\t\t<span class=\"elementor-button-text\">Details<\/span>\n\t\t\t\t\t<\/span>\n\t\t\t\t\t<\/a>\n\t\t\t\t<\/div>\n\t\t\t\t\t\t<\/div>\n\t\t\t\t<\/div>\n\t\t\t\t\t<\/div>\n\t\t\t\t<\/div>\n\t\t\t\t<\/div>\n\t\t<a href=\"https:\/\/avipconcerts.com\/en\/biletykoncerty\/vienna-concert-with-the-stars\/\" class=\"jet-engine-listing-overlay-link\"><\/a><\/div><\/div><div class=\"jet-listing-grid__item jet-listing-dynamic-post-689 jet-equal-columns\" data-post-id=\"689\" ><div class=\"jet-engine-listing-overlay-wrap\" data-url=\"https:\/\/avipconcerts.com\/en\/biletykoncerty\/the-king-of-swing\/\">\t\t<div data-elementor-type=\"jet-listing-items\" data-elementor-id=\"700\" class=\"elementor elementor-700 elementor-87\" data-elementor-post-type=\"jet-engine\">\n\t\t\t\t<div class=\"elementor-element elementor-element-7ef85b1 e-flex e-con-boxed e-con e-parent\" data-id=\"7ef85b1\" data-element_type=\"container\">\n\t\t\t\t\t<div class=\"e-con-inner\">\n\t\t\t\t<div class=\"elementor-element elementor-element-12a1dec elementor-widget__width-inherit elementor-widget elementor-widget-image\" data-id=\"12a1dec\" data-element_type=\"widget\" data-widget_type=\"image.default\">\n\t\t\t\t<div class=\"elementor-widget-container\">\n\t\t\t\t\t\t\t\t\t\t\t\t\t<img decoding=\"async\" width=\"800\" height=\"800\" src=\"https:\/\/avipconcerts.com\/wp-content\/uploads\/2023\/09\/king_of_swing_kwadrat-1024x1024.jpg\" class=\"elementor-animation-float attachment-large size-large wp-image-629\" alt=\"\" srcset=\"https:\/\/avipconcerts.com\/wp-content\/uploads\/2023\/09\/king_of_swing_kwadrat-1024x1024.jpg 1024w, https:\/\/avipconcerts.com\/wp-content\/uploads\/2023\/09\/king_of_swing_kwadrat-300x300.jpg 300w, https:\/\/avipconcerts.com\/wp-content\/uploads\/2023\/09\/king_of_swing_kwadrat-150x150.jpg 150w, https:\/\/avipconcerts.com\/wp-content\/uploads\/2023\/09\/king_of_swing_kwadrat-768x768.jpg 768w, https:\/\/avipconcerts.com\/wp-content\/uploads\/2023\/09\/king_of_swing_kwadrat-1536x1536.jpg 1536w, https:\/\/avipconcerts.com\/wp-content\/uploads\/2023\/09\/king_of_swing_kwadrat-2048x2048.jpg 2048w, https:\/\/avipconcerts.com\/wp-content\/uploads\/2023\/09\/king_of_swing_kwadrat-600x600.jpg 600w, https:\/\/avipconcerts.com\/wp-content\/uploads\/2023\/09\/king_of_swing_kwadrat-100x100.jpg 100w\" sizes=\"(max-width: 800px) 100vw, 800px\" \/>\t\t\t\t\t\t\t\t\t\t\t\t\t<\/div>\n\t\t\t\t<\/div>\n\t\t\t\t<div class=\"elementor-element elementor-element-8bc6f11 elementor-widget__width-inherit elementor-widget-tablet__width-inherit elementor-invisible elementor-widget elementor-widget-heading\" data-id=\"8bc6f11\" data-element_type=\"widget\" data-settings=\"{&quot;_animation&quot;:&quot;fadeInUp&quot;,&quot;_animation_delay&quot;:300}\" data-widget_type=\"heading.default\">\n\t\t\t\t<div class=\"elementor-widget-container\">\n\t\t\t<h2 class=\"elementor-heading-title elementor-size-default\">The King Of Swing<\/h2>\t\t<\/div>\n\t\t\t\t<\/div>\n\t\t\t\t<div class=\"elementor-element elementor-element-75d0950 elementor-align-center elementor-mobile-align-center elementor-invisible elementor-widget elementor-widget-button\" data-id=\"75d0950\" data-element_type=\"widget\" data-settings=\"{&quot;_animation&quot;:&quot;fadeInUp&quot;,&quot;_animation_delay&quot;:300}\" data-widget_type=\"button.default\">\n\t\t\t\t<div class=\"elementor-widget-container\">\n\t\t\t\t\t\t\t<div class=\"elementor-button-wrapper\">\n\t\t\t\t\t<a class=\"elementor-button elementor-button-link elementor-size-sm\" href=\"https:\/\/avipconcerts.com\/en\/biletykoncerty\/the-king-of-swing\/\">\n\t\t\t\t\t\t<span class=\"elementor-button-content-wrapper\">\n\t\t\t\t\t\t\t\t\t<span class=\"elementor-button-text\">Details<\/span>\n\t\t\t\t\t<\/span>\n\t\t\t\t\t<\/a>\n\t\t\t\t<\/div>\n\t\t\t\t\t\t<\/div>\n\t\t\t\t<\/div>\n\t\t\t\t\t<\/div>\n\t\t\t\t<\/div>\n\t\t\t\t<\/div>\n\t\t<a href=\"https:\/\/avipconcerts.com\/en\/biletykoncerty\/the-king-of-swing\/\" class=\"jet-engine-listing-overlay-link\"><\/a><\/div><\/div><\/div><\/div><\/div>\t\t<\/div>\n\t\t\t\t<\/div>\n\t\t\t\t\t<\/div>\n\t\t\t\t<\/div>\n\t\t\t\t<\/div>\n\t\t","protected":false},"excerpt":{"rendered":"<p>Panel Zam\u00f3wienie Pobrania Adresy Szczeg\u00f3\u0142y Wylog\u00f3j Witaj admin (nie jeste\u015b admin? Wyloguj si\u0119) W ustawieniach swojego konta mo\u017cesz przejrze\u0107 swoje ostatnie zam\u00f3wienia, zarz\u0105dza\u0107 adresami p\u0142atno\u015bci i dostawy oraz zmienia\u0107 has\u0142o i szczeg\u00f3\u0142y konta. Zobacz bIlety i koncerty Wszystkie bilety i koncerty Koncerty Zobacz wi\u0119cej Koncerty Zobacz wi\u0119cej Koncerty Zobacz wi\u0119cej<\/p>\n","protected":false},"author":1,"featured_media":0,"parent":0,"menu_order":0,"comment_status":"closed","ping_status":"closed","template":"elementor_header_footer","meta":{"footnotes":""},"class_list":["post-544","page","type-page","status-publish","hentry"],"_links":{"self":[{"href":"https:\/\/avipconcerts.com\/en\/wp-json\/wp\/v2\/pages\/544","targetHints":{"allow":["GET"]}}],"collection":[{"href":"https:\/\/avipconcerts.com\/en\/wp-json\/wp\/v2\/pages"}],"about":[{"href":"https:\/\/avipconcerts.com\/en\/wp-json\/wp\/v2\/types\/page"}],"author":[{"embeddable":true,"href":"https:\/\/avipconcerts.com\/en\/wp-json\/wp\/v2\/users\/1"}],"replies":[{"embeddable":true,"href":"https:\/\/avipconcerts.com\/en\/wp-json\/wp\/v2\/comments?post=544"}],"version-history":[{"count":0,"href":"https:\/\/avipconcerts.com\/en\/wp-json\/wp\/v2\/pages\/544\/revisions"}],"wp:attachment":[{"href":"https:\/\/avipconcerts.com\/en\/wp-json\/wp\/v2\/media?parent=544"}],"curies":[{"name":"wp","href":"https:\/\/api.w.org\/{rel}","templated":true}]}}